{"id":859,"date":"2020-03-24T20:23:39","date_gmt":"2020-03-24T19:23:39","guid":{"rendered":"http:\/\/www.spravaciest.sk\/?page_id=859"},"modified":"2020-03-27T17:20:22","modified_gmt":"2020-03-27T16:20:22","slug":"archiv-zmluvy","status":"publish","type":"page","link":"https:\/\/www.spravaciest.sk\/hu\/archiv-zmluvy\/","title":{"rendered":"Arch\u00edv Zmluvy"},"content":{"rendered":"<div class=\"fusion-fullwidth fullwidth-box fusion-builder-row-1 nonhundred-percent-fullwidth non-hundred-percent-height-scrolling\" style=\"--awb-border-radius-top-left:0px;--awb-border-radius-top-right:0px;--awb-border-radius-bottom-right:0px;--awb-border-radius-bottom-left:0px;--awb-flex-wrap:wrap;\" ><div class=\"fusion-builder-row fusion-row\"><div class=\"fusion-layout-column fusion_builder_column fusion-builder-column-0 fusion_builder_column_1_1 1_1 fusion-one-full fusion-column-first fusion-column-last\" style=\"--awb-bg-size:cover;--awb-margin-bottom:0px;\"><div class=\"fusion-column-wrapper fusion-flex-column-wrapper-legacy\"><div class=\"fusion-text fusion-text-1\"><p>&nbsp;<\/p>\n<table style=\"border-collapse: collapse; width: 100%; height: 366px;\">\n<tbody>\n<tr style=\"height: 65px;\">\n<td style=\"width: 7.90616%; height: 65px;\">\n<h3><strong>2011<\/strong><\/h3>\n<\/td>\n<td style=\"width: 54.0368%; height: 65px;\"><\/td>\n<td style=\"width: 38.0569%; height: 65px;\"><\/td>\n<\/tr>\n<tr style=\"height: 23px;\">\n<td style=\"width: 7.90616%; height: 23px;\"><\/td>\n<td style=\"width: 54.0368%; height: 23px;\"><span style=\"color: #65bc7b;\">1.6.2011<\/span><\/td>\n<td style=\"width: 38.0569%; height: 23px;\"><\/td>\n<\/tr>\n<tr style=\"height: 16px;\">\n<td style=\"width: 7.90616%; height: 16px;\"><\/td>\n<td style=\"width: 54.0368%; height: 16px;\">N\u00e1jomn\u00e1 zmluva \u010d.22-2011-S\u00daC TTSK , Richard Prelovsk\u00fd, 110,00\u20ac\u00a0 |\u00a01.6.2011-31.12.2021<\/td>\n<td style=\"width: 38.0569%; height: 16px;\">\n<\/div><a class=\"fb-icon-element-1 fb-icon-element fontawesome-icon fa-file-pdf fas circle-no fusion-text-flow fusion-link\" style=\"--awb-iconcolor:#65bc7b;--awb-iconcolor-hover:#000000;--awb-font-size:20px;--awb-margin-right:10px;\" href=\"http:\/\/www.spravaciest.sk\/hu\/archiv_pdf\/zmluvy\/n\u00e1jomn\u00e1 zmluva \u010d.22-2011.pdf\/\" target=\"_blank\" aria-label=\"Link to http:\/\/www.spravaciest.sk\/archiv_pdf\/zmluvy\/n\u00e1jomn\u00e1%20zmluva%20\u010d.22-2011.pdf\" rel=\"noopener noreferrer\"><\/a><div class=\"fusion-text fusion-text-2\"><\/td>\n<\/tr>\n<tr style=\"height: 23px;\">\n<td style=\"width: 7.90616%; height: 23px;\"><\/td>\n<td style=\"width: 54.0368%; height: 23px;\"><span style=\"color: #65bc7b;\">17.2.2011<\/span><\/td>\n<td style=\"width: 38.0569%; height: 23px;\"><\/td>\n<\/tr>\n<tr style=\"height: 23px;\">\n<td style=\"width: 7.90616%; height: 23px;\"><\/td>\n<td style=\"width: 54.0368%; height: 23px;\">N\u00e1jomn\u00e1 zmluva o u\u017e\u00edvan\u00ed \u010dasti nehnute\u013enosti \u010d.20-2011-S\u00daCTTSK,\u00a0 Slovensk\u00e9 elektr\u00e1rne a.s.,\u00a0 0,50\u20ac\u00a0 |\u00a017.2.2011-neur\u010dito<\/td>\n<td style=\"width: 38.0569%; height: 23px;\">\n<\/div><a class=\"fb-icon-element-2 fb-icon-element fontawesome-icon fa-file-pdf fas circle-no fusion-text-flow fusion-link\" style=\"--awb-iconcolor:#65bc7b;--awb-iconcolor-hover:#000000;--awb-font-size:20px;--awb-margin-right:10px;\" href=\"http:\/\/www.spravaciest.sk\/hu\/archiv_pdf\/zmluvy\/N\u00e1jomn\u00e1 zmluva o u\u017e\u00edvan\u00ed \u010dasti nehnute\u013enosti \u010d.20-2011-S\u00daCTTSK.pdf\/\" target=\"_blank\" aria-label=\"Link to http:\/\/www.spravaciest.sk\/archiv_pdf\/zmluvy\/N\u00e1jomn\u00e1%20zmluva%20o%20u\u017e\u00edvan\u00ed%20\u010dasti%20nehnute\u013enosti%20\u010d.20-2011-S\u00daCTTSK.pdf\" rel=\"noopener noreferrer\"><\/a><div class=\"fusion-text fusion-text-3\"><\/td>\n<\/tr>\n<tr style=\"height: 22px;\">\n<td style=\"width: 7.90616%; height: 22px;\"><\/td>\n<td style=\"width: 54.0368%; height: 22px;\"><span style=\"color: #65bc7b;\">24.12.2011<\/span><\/td>\n<td style=\"width: 38.0569%; height: 22px;\"><\/td>\n<\/tr>\n<tr style=\"height: 23px;\">\n<td style=\"width: 7.90616%; height: 23px;\"><\/td>\n<td style=\"width: 54.0368%; height: 23px;\">Zmluva o n\u00e1jme \u010d.23-2011, Mesto Sl\u00e1dkovi\u010dovo, 1,00\u20ac\u00a0 | 24.12.2011-23.12.2026<\/td>\n<td style=\"width: 38.0569%; height: 23px;\">\n<\/div><a class=\"fb-icon-element-3 fb-icon-element fontawesome-icon fa-file-pdf fas circle-no fusion-text-flow fusion-link\" style=\"--awb-iconcolor:#65bc7b;--awb-iconcolor-hover:#000000;--awb-font-size:20px;--awb-margin-right:10px;\" href=\"http:\/\/www.spravaciest.sk\/hu\/archiv_pdf\/zmluvy\/zmluva o n\u00e1jme \u010d.23-2011.pdf\/\" target=\"_blank\" aria-label=\"Link to http:\/\/www.spravaciest.sk\/archiv_pdf\/zmluvy\/zmluva%20o%20n\u00e1jme%20\u010d.23-2011.pdf\" rel=\"noopener noreferrer\"><\/a><div class=\"fusion-text fusion-text-4\"><\/td>\n<\/tr>\n<tr style=\"height: 23px;\">\n<td style=\"width: 7.90616%; height: 23px;\"><\/td>\n<td style=\"width: 54.0368%; height: 23px;\"><span style=\"color: #65bc7b;\">14.5.2011<\/span><\/td>\n<td style=\"width: 38.0569%; height: 23px;\"><\/td>\n<\/tr>\n<tr style=\"height: 23px;\">\n<td style=\"width: 7.90616%; height: 23px;\"><\/td>\n<td style=\"width: 54.0368%; height: 23px;\">Zmluva o v\u00fdpo\u017ei\u010dke, Mesto Senica, 0,00\u20ac\u00a0 |\u00a014.5.2011-31.12.2021<\/td>\n<td style=\"width: 38.0569%; height: 23px;\">\n<\/div><a class=\"fb-icon-element-4 fb-icon-element fontawesome-icon fa-file-pdf fas circle-no fusion-text-flow fusion-link\" style=\"--awb-iconcolor:#65bc7b;--awb-iconcolor-hover:#000000;--awb-font-size:20px;--awb-margin-right:10px;\" href=\"http:\/\/www.spravaciest.sk\/hu\/archiv_pdf\/zmluvy\/zmluva o v\u00fdpo\u017ei\u010dke Senica.pdf\/\" target=\"_blank\" aria-label=\"Link to http:\/\/www.spravaciest.sk\/archiv_pdf\/zmluvy\/zmluva%20o%20v\u00fdpo\u017ei\u010dke%20Senica.pdf\" rel=\"noopener noreferrer\"><\/a><div class=\"fusion-text fusion-text-5\"><h3><strong>2012<\/strong><\/h3>\n<p><span style=\"color: #65bc7b;\">12.7.2012<\/span><\/p>\n<p>Zmluva o v\u00fdpo\u017ei\u010dke, m\u00fazeum Galanta, 0,00\u20ac  | 12.7.2012-11.7.2027<\/p>\n<\/div><a class=\"fb-icon-element-5 fb-icon-element fontawesome-icon fa-file-pdf fas circle-no fusion-text-flow fusion-link\" style=\"--awb-iconcolor:#65bc7b;--awb-iconcolor-hover:#000000;--awb-font-size:20px;--awb-margin-right:10px;\" href=\"http:\/\/www.spravaciest.sk\/hu\/archiv_pdf\/zmluvy\/2012_07_03_Vlastivedne muzeum Galanta.pdf\/\" target=\"_blank\" aria-label=\"Link to http:\/\/www.spravaciest.sk\/archiv_pdf\/zmluvy\/2012_07_03_Vlastivedne%20muzeum%20Galanta.pdf\" rel=\"noopener noreferrer\"><\/a><div class=\"fusion-text fusion-text-6\"><\/td>\n<\/tr>\n<tr>\n<td style=\"width: 7.90616%;\"><\/td>\n<td style=\"width: 54.0368%;\"><span style=\"color: #65bc7b;\">2.3.2012<\/span><\/td>\n<td style=\"width: 38.0569%;\"><\/td>\n<\/tr>\n<tr style=\"height: 23px;\">\n<td style=\"width: 7.90616%; height: 23px;\"><\/td>\n<td style=\"width: 54.0368%; height: 23px;\">N\u00e1jomn\u00e1 zmluva \u010d.2-2012-S\u00daC TTSK, J\u00e1n Tapfer, 75,00\u20ac\u00a0 |\u00a02.3.2012-31.12.2022<\/td>\n<td style=\"width: 38.0569%; height: 23px;\">\n<\/div><a class=\"fb-icon-element-6 fb-icon-element fontawesome-icon fa-file-pdf fas circle-no fusion-text-flow fusion-link\" style=\"--awb-iconcolor:#65bc7b;--awb-iconcolor-hover:#000000;--awb-font-size:20px;--awb-margin-right:10px;\" href=\"http:\/\/www.spravaciest.sk\/hu\/archiv_pdf\/zmluvy\/n\u00e1jomn\u00e1 zmluva \u010d.2-2012.pdf\/\" target=\"_blank\" aria-label=\"Link to http:\/\/www.spravaciest.sk\/archiv_pdf\/zmluvy\/n\u00e1jomn\u00e1%20zmluva%20\u010d.2-2012.pdf\" rel=\"noopener noreferrer\"><\/a><div class=\"fusion-text fusion-text-7\"><\/td>\n<\/tr>\n<tr style=\"height: 23px;\">\n<td style=\"width: 7.90616%; height: 23px;\"><\/td>\n<td style=\"width: 54.0368%; height: 23px;\"><span style=\"color: #65bc7b;\">18.5.2012<\/span><\/td>\n<td style=\"width: 38.0569%; height: 23px;\"><\/td>\n<\/tr>\n<tr style=\"height: 23px;\">\n<td style=\"width: 7.90616%; height: 23px;\"><\/td>\n<td style=\"width: 54.0368%; height: 23px;\">N\u00e1jomn\u00e1 zmluva \u010d.5-2012-S\u00daCTTSK_TIR Petroleum sro_345,00\u20ac_18.5.2012-17.5.2022<\/td>\n<td style=\"width: 38.0569%; height: 23px;\">\n<\/div><a class=\"fb-icon-element-7 fb-icon-element fontawesome-icon fa-file-pdf fas circle-no fusion-text-flow fusion-link\" style=\"--awb-iconcolor:#65bc7b;--awb-iconcolor-hover:#000000;--awb-font-size:20px;--awb-margin-right:10px;\" href=\"http:\/\/www.spravaciest.sk\/hu\/archiv_pdf\/zmluvy\/n\u00e1jomn\u00e1 zmluva \u010d.52012.pdf\/\" target=\"_blank\" aria-label=\"Link to http:\/\/www.spravaciest.sk\/archiv_pdf\/zmluvy\/n\u00e1jomn\u00e1%20zmluva%20\u010d.52012.pdf\" rel=\"noopener noreferrer\"><\/a><div class=\"fusion-text fusion-text-8\"><\/td>\n<\/tr>\n<tr style=\"height: 23px;\">\n<td style=\"width: 7.90616%; height: 23px;\"><\/td>\n<td style=\"width: 54.0368%; height: 23px;\"><span style=\"color: #65bc7b;\">1.4.2012<\/span><\/td>\n<td style=\"width: 38.0569%; height: 23px;\"><\/td>\n<\/tr>\n<tr>\n<td style=\"width: 7.90616%;\"><\/td>\n<td>Zmluva \u010d.25-\u010cOV-2012_Chemolak a.s._0,00\u20ac_<\/td>\n<td style=\"width: 38.0569%;\">\n<\/div><a class=\"fb-icon-element-8 fb-icon-element fontawesome-icon fa-file-pdf fas circle-no fusion-text-flow fusion-link\" style=\"--awb-iconcolor:#65bc7b;--awb-iconcolor-hover:#000000;--awb-font-size:20px;--awb-margin-right:10px;\" href=\"http:\/\/www.spravaciest.sk\/hu\/archiv_pdf\/zmluvy\/zmluva \u010d.25-\u010cOV-2012.pdf\/\" target=\"_blank\" aria-label=\"Link to http:\/\/www.spravaciest.sk\/archiv_pdf\/zmluvy\/zmluva%20\u010d.25-\u010cOV-2012.pdf\" rel=\"noopener noreferrer\"><\/a><div class=\"fusion-text fusion-text-9\"><\/td>\n<\/tr>\n<tr>\n<td style=\"width: 7.90616%;\"><\/td>\n<td><span style=\"color: #65bc7b;\">21.8.2012<\/span><\/td>\n<td style=\"width: 38.0569%;\"><\/td>\n<\/tr>\n<tr>\n<td style=\"width: 7.90616%;\"><\/td>\n<td>Zmluva o n\u00e1jme pozemku \u010d.6-2012-S\u00daCTTSK_Obec Trst\u00edn_1,00\u20ac_21.8.2012-20.08.2022<\/td>\n<td style=\"width: 38.0569%;\">\n<\/div><a class=\"fb-icon-element-9 fb-icon-element fontawesome-icon fa-file-pdf fas circle-no fusion-text-flow fusion-link\" style=\"--awb-iconcolor:#65bc7b;--awb-iconcolor-hover:#000000;--awb-font-size:20px;--awb-margin-right:10px;\" href=\"http:\/\/www.spravaciest.sk\/hu\/archiv_pdf\/zmluvy\/zmluva o n\u00e1jme pozemku \u010d.6-2012.pdf\/\" target=\"_blank\" aria-label=\"Link to http:\/\/www.spravaciest.sk\/archiv_pdf\/zmluvy\/zmluva%20o%20n\u00e1jme%20pozemku%20\u010d.6-2012.pdf\" rel=\"noopener noreferrer\"><\/a><div class=\"fusion-text fusion-text-10\"><\/td>\n<\/tr>\n<tr>\n<td style=\"width: 7.90616%;\"><\/td>\n<td><span style=\"color: #65bc7b;\">24.7.2012<\/span><\/td>\n<td style=\"width: 38.0569%;\"><\/td>\n<\/tr>\n<tr>\n<td style=\"width: 7.90616%;\"><\/td>\n<td>Zmluva o zveren\u00ed majetku do spr\u00e1vy_TTSK_1,20\u20ac_24.7.2012-neur\u010dito<\/td>\n<td style=\"width: 38.0569%;\">\n<\/div><a class=\"fb-icon-element-10 fb-icon-element fontawesome-icon fa-file-pdf fas circle-no fusion-text-flow fusion-link\" style=\"--awb-iconcolor:#65bc7b;--awb-iconcolor-hover:#000000;--awb-font-size:20px;--awb-margin-right:10px;\" href=\"http:\/\/www.spravaciest.sk\/hu\/archiv_pdf\/zmluvy\/trvalo vysvet\u013euj\u00face tabule.pdf\/\" target=\"_blank\" aria-label=\"Link to http:\/\/www.spravaciest.sk\/archiv_pdf\/zmluvy\/trvalo%20vysvet\u013euj\u00face%20tabule.pdf\" rel=\"noopener noreferrer\"><\/a><div class=\"fusion-text fusion-text-11\"><\/td>\n<\/tr>\n<tr>\n<td style=\"width: 7.90616%;\"><\/td>\n<td><span style=\"color: #65bc7b;\">30.9.2012<\/span><\/td>\n<td style=\"width: 38.0569%;\"><\/td>\n<\/tr>\n<tr>\n<td style=\"width: 7.90616%;\"><\/td>\n<td>Zmluva o zveren\u00ed majetku do spr\u00e1vy_TTSK_12366,98\u20ac_30.9.2012-neur\u010dito<\/td>\n<td style=\"width: 38.0569%;\">\n<\/div><a class=\"fb-icon-element-11 fb-icon-element fontawesome-icon fa-file-pdf fas circle-no fusion-text-flow fusion-link\" style=\"--awb-iconcolor:#65bc7b;--awb-iconcolor-hover:#000000;--awb-font-size:20px;--awb-margin-right:10px;\" href=\"http:\/\/www.spravaciest.sk\/hu\/archiv_pdf\/zmluvy\/TDZ na hrani\u010dn\u00fdch priechodoch.pdf\/\" target=\"_blank\" aria-label=\"Link to http:\/\/www.spravaciest.sk\/archiv_pdf\/zmluvy\/TDZ%20na%20hrani\u010dn\u00fdch%20priechodoch.pdf\" rel=\"noopener noreferrer\"><\/a><div class=\"fusion-text fusion-text-12\"><\/td>\n<\/tr>\n<tr>\n<td style=\"width: 7.90616%;\"><\/td>\n<td><span style=\"color: #65bc7b;\">29.6.2012<\/span><\/td>\n<td style=\"width: 38.0569%;\"><\/td>\n<\/tr>\n<tr>\n<td style=\"width: 7.90616%;\"><\/td>\n<td>Zmluva o zveren\u00ed majetku do spr\u00e1vy_TTSK_2,00\u20ac_22.10.2012-neur\u010dito<\/td>\n<td style=\"width: 38.0569%;\">\n<\/div><a class=\"fb-icon-element-12 fb-icon-element fontawesome-icon fa-file-pdf fas circle-no fusion-text-flow fusion-link\" style=\"--awb-iconcolor:#65bc7b;--awb-iconcolor-hover:#000000;--awb-font-size:20px;--awb-margin-right:10px;\" href=\"http:\/\/www.spravaciest.sk\/hu\/archiv_pdf\/zmluvy\/okru\u017en\u00e1 kri\u017e.II-507 a II-572 DS a II-572 a III-06328 DS.pdf\/\" target=\"_blank\" aria-label=\"Link to http:\/\/www.spravaciest.sk\/archiv_pdf\/zmluvy\/okru\u017en\u00e1%20kri\u017e.II-507%20a%20II-572%20DS%20a%20II-572%20a%20III-06328%20DS.pdf\" rel=\"noopener noreferrer\"><\/a><div class=\"fusion-text fusion-text-13\"><\/td>\n<\/tr>\n<tr>\n<td style=\"width: 7.90616%;\"><\/td>\n<td><span style=\"color: #65bc7b;\">22.10.2012<\/span><\/td>\n<td style=\"width: 38.0569%;\"><\/td>\n<\/tr>\n<tr>\n<td style=\"width: 7.90616%;\"><\/td>\n<td>Zmluva o zveren\u00ed majetku do spr\u00e1vy_TTSK_245156,08\u20ac_22.10.2012-neur\u010dito<\/td>\n<td style=\"width: 38.0569%;\">\n<\/div><a class=\"fb-icon-element-13 fb-icon-element fontawesome-icon fa-file-pdf fas circle-no fusion-text-flow fusion-link\" style=\"--awb-iconcolor:#65bc7b;--awb-iconcolor-hover:#000000;--awb-font-size:20px;--awb-margin-right:10px;\" href=\"http:\/\/www.spravaciest.sk\/hu\/archiv_pdf\/zmluvy\/pozemky Borsk\u00fd sv Jur.pdf\/\" target=\"_blank\" aria-label=\"Link to http:\/\/www.spravaciest.sk\/archiv_pdf\/zmluvy\/pozemky%20Borsk\u00fd%20sv%20Jur.pdf\" rel=\"noopener noreferrer\"><\/a><div class=\"fusion-text fusion-text-14\"><\/td>\n<\/tr>\n<tr>\n<td style=\"width: 7.90616%;\"><\/td>\n<td><span style=\"color: #65bc7b;\">22.10.2012<\/span><\/td>\n<td style=\"width: 38.0569%;\"><\/td>\n<\/tr>\n<tr>\n<td style=\"width: 7.90616%;\"><\/td>\n<td>Zmluva o zveren\u00ed majetku do spr\u00e1vy_TTSK-234,32\u20ac_22.10.2012-neur\u010dito<\/td>\n<td style=\"width: 38.0569%;\">\n<\/div><a class=\"fb-icon-element-14 fb-icon-element fontawesome-icon fa-file-pdf fas circle-no fusion-text-flow fusion-link\" style=\"--awb-iconcolor:#65bc7b;--awb-iconcolor-hover:#000000;--awb-font-size:20px;--awb-margin-right:10px;\" href=\"http:\/\/www.spravaciest.sk\/hu\/archiv_pdf\/zmluvy\/pozemok Leopoldov.pdf\/\" target=\"_blank\" aria-label=\"Link to http:\/\/www.spravaciest.sk\/archiv_pdf\/zmluvy\/pozemok%20Leopoldov.pdf\" rel=\"noopener noreferrer\"><\/a><div class=\"fusion-text fusion-text-15\"><\/td>\n<\/tr>\n<\/tbody>\n<\/table>\n<\/div><div class=\"fusion-clearfix\"><\/div><\/div><\/div><\/div><\/div>","protected":false},"excerpt":{"rendered":"","protected":false},"author":1,"featured_media":0,"parent":0,"menu_order":0,"comment_status":"closed","ping_status":"closed","template":"","meta":{"_monsterinsights_skip_tracking":false,"_monsterinsights_sitenote_active":false,"_monsterinsights_sitenote_note":"","_monsterinsights_sitenote_category":0,"footnotes":""},"class_list":["post-859","page","type-page","status-publish","hentry"],"_links":{"self":[{"href":"https:\/\/www.spravaciest.sk\/hu\/wp-json\/wp\/v2\/pages\/859","targetHints":{"allow":["GET"]}}],"collection":[{"href":"https:\/\/www.spravaciest.sk\/hu\/wp-json\/wp\/v2\/pages"}],"about":[{"href":"https:\/\/www.spravaciest.sk\/hu\/wp-json\/wp\/v2\/types\/page"}],"author":[{"embeddable":true,"href":"https:\/\/www.spravaciest.sk\/hu\/wp-json\/wp\/v2\/users\/1"}],"replies":[{"embeddable":true,"href":"https:\/\/www.spravaciest.sk\/hu\/wp-json\/wp\/v2\/comments?post=859"}],"version-history":[{"count":0,"href":"https:\/\/www.spravaciest.sk\/hu\/wp-json\/wp\/v2\/pages\/859\/revisions"}],"wp:attachment":[{"href":"https:\/\/www.spravaciest.sk\/hu\/wp-json\/wp\/v2\/media?parent=859"}],"curies":[{"name":"wp","href":"https:\/\/api.w.org\/{rel}","templated":true}]}}